{"id":209,"date":"2025-07-31T11:01:47","date_gmt":"2025-07-31T09:01:47","guid":{"rendered":"https:\/\/www.unreal-impulse.com\/?page_id=209"},"modified":"2026-02-15T19:44:25","modified_gmt":"2026-02-15T18:44:25","slug":"ecole","status":"publish","type":"page","link":"https:\/\/www.unreal-impulse.com\/index.php\/ecole\/","title":{"rendered":"L\u2019\u00e9cole"},"content":{"rendered":"\t\t<div data-elementor-type=\"wp-page\" data-elementor-id=\"209\" class=\"elementor elementor-209\" data-elementor-post-type=\"page\">\n\t\t\t\t<div class=\"elementor-element elementor-element-6d25474 e-flex e-con-boxed e-con e-parent\" data-id=\"6d25474\" data-element_type=\"container\">\n\t\t\t\t\t<div class=\"e-con-inner\">\n\t\t\t\t<div class=\"elementor-element elementor-element-1f57d4f elementor-widget elementor-widget-heading\" data-id=\"1f57d4f\" data-element_type=\"widget\" data-widget_type=\"heading.default\">\n\t\t\t\t<div class=\"elementor-widget-container\">\n\t\t\t\t\t<h2 class=\"elementor-heading-title elementor-size-default\">L\u2019\u00e9cole<\/h2>\t\t\t\t<\/div>\n\t\t\t\t<\/div>\n\t\t\t\t<div class=\"elementor-element elementor-element-e9c5ac8 elementor-widget elementor-widget-text-editor\" data-id=\"e9c5ac8\" data-element_type=\"widget\" data-widget_type=\"text-editor.default\">\n\t\t\t\t<div class=\"elementor-widget-container\">\n\t\t\t\t\t\t\t\t\t<p style=\"text-align: center;\">Une salle de cours jouxtant le club-house. Un instructeur f\u00e9d\u00e9ral vous formera au vol sur un ULM biplace\u00a0\u00abc\u00f4te \u00e0 c\u00f4te\u00bb. Les heures de vol sont d\u00e9compt\u00e9es \u00e0 la minute (d\u00e9marrage moteur-arr\u00eat moteur). Les cours th\u00e9oriques sont dispens\u00e9s gracieusement par les instructeurs et n\u2019entra\u00eenent qu\u2019un faible co\u00fbt per\u00e7u par le club.<\/p><p style=\"text-align: center;\"><strong>D\u2019ailleurs, qu\u2019est ce qu\u2019un instructeur\u00a0?<\/strong><\/p><p style=\"text-align: center;\">\u00ab\u00a0Un instructeur est un oiseau rare car il se doit de poss\u00e9der un regard d\u2019aigle auquel rien n\u2019\u00e9chappe, la douceur de la blanche colombe, la sagesse de la chouette et l\u2019infatigable \u00e9loquence du perroquet qui r\u00e9p\u00e8te les m\u00eames choses.\u00a0\u00bb<\/p>\t\t\t\t\t\t\t\t<\/div>\n\t\t\t\t<\/div>\n\t\t\t\t<div class=\"elementor-element elementor-element-85de9c7 elementor-widget elementor-widget-image\" data-id=\"85de9c7\" data-element_type=\"widget\" data-widget_type=\"image.default\">\n\t\t\t\t<div class=\"elementor-widget-container\">\n\t\t\t\t\t\t\t\t\t\t\t\t<figure class=\"wp-caption\">\n\t\t\t\t\t\t\t\t\t\t<img fetchpriority=\"high\" decoding=\"async\" width=\"583\" height=\"438\" src=\"https:\/\/www.unreal-impulse.com\/wp-content\/uploads\/2026\/02\/WhatsApp-Image-2026-02-15-at-19.42.24.jpeg\" class=\"attachment-large size-large wp-image-880\" alt=\"\" srcset=\"https:\/\/www.unreal-impulse.com\/wp-content\/uploads\/2026\/02\/WhatsApp-Image-2026-02-15-at-19.42.24.jpeg 583w, https:\/\/www.unreal-impulse.com\/wp-content\/uploads\/2026\/02\/WhatsApp-Image-2026-02-15-at-19.42.24-300x225.jpeg 300w\" sizes=\"(max-width: 583px) 100vw, 583px\" \/>\t\t\t\t\t\t\t\t\t\t\t<figcaption class=\"widget-image-caption wp-caption-text\"><\/figcaption>\n\t\t\t\t\t\t\t\t\t\t<\/figure>\n\t\t\t\t\t\t\t\t\t<\/div>\n\t\t\t\t<\/div>\n\t\t\t\t<div class=\"elementor-element elementor-element-b397d18 elementor-widget elementor-widget-text-editor\" data-id=\"b397d18\" data-element_type=\"widget\" data-widget_type=\"text-editor.default\">\n\t\t\t\t<div class=\"elementor-widget-container\">\n\t\t\t\t\t\t\t\t\t<p>De la th\u00e9orie \u00e0 la pratique.<\/p>\t\t\t\t\t\t\t\t<\/div>\n\t\t\t\t<\/div>\n\t\t\t\t\t<\/div>\n\t\t\t\t<\/div>\n\t\t\t\t<\/div>\n\t\t","protected":false},"excerpt":{"rendered":"<p>L\u2019\u00e9cole Une salle de cours jouxtant le club-house. Un instructeur f\u00e9d\u00e9ral vous formera au vol sur un ULM biplace\u00a0\u00abc\u00f4te \u00e0 c\u00f4te\u00bb. Les heures de vol sont d\u00e9compt\u00e9es \u00e0 la minute (d\u00e9marrage moteur-arr\u00eat moteur). Les cours th\u00e9oriques sont dispens\u00e9s gracieusement par les instructeurs et n\u2019entra\u00eenent qu\u2019un faible co\u00fbt per\u00e7u par le club. D\u2019ailleurs, qu\u2019est ce qu\u2019un [&hellip;]<\/p>\n","protected":false},"author":1,"featured_media":0,"parent":0,"menu_order":0,"comment_status":"closed","ping_status":"closed","template":"","meta":{"footnotes":""},"class_list":["post-209","page","type-page","status-publish","hentry"],"_links":{"self":[{"href":"https:\/\/www.unreal-impulse.com\/index.php\/wp-json\/wp\/v2\/pages\/209","targetHints":{"allow":["GET"]}}],"collection":[{"href":"https:\/\/www.unreal-impulse.com\/index.php\/wp-json\/wp\/v2\/pages"}],"about":[{"href":"https:\/\/www.unreal-impulse.com\/index.php\/wp-json\/wp\/v2\/types\/page"}],"author":[{"embeddable":true,"href":"https:\/\/www.unreal-impulse.com\/index.php\/wp-json\/wp\/v2\/users\/1"}],"replies":[{"embeddable":true,"href":"https:\/\/www.unreal-impulse.com\/index.php\/wp-json\/wp\/v2\/comments?post=209"}],"version-history":[{"count":26,"href":"https:\/\/www.unreal-impulse.com\/index.php\/wp-json\/wp\/v2\/pages\/209\/revisions"}],"predecessor-version":[{"id":883,"href":"https:\/\/www.unreal-impulse.com\/index.php\/wp-json\/wp\/v2\/pages\/209\/revisions\/883"}],"wp:attachment":[{"href":"https:\/\/www.unreal-impulse.com\/index.php\/wp-json\/wp\/v2\/media?parent=209"}],"curies":[{"name":"wp","href":"https:\/\/api.w.org\/{rel}","templated":true}]}}