{"id":217,"date":"2025-07-31T11:05:58","date_gmt":"2025-07-31T09:05:58","guid":{"rendered":"https:\/\/www.unreal-impulse.com\/?page_id=217"},"modified":"2026-02-11T19:56:33","modified_gmt":"2026-02-11T18:56:33","slug":"brevet","status":"publish","type":"page","link":"https:\/\/www.unreal-impulse.com\/index.php\/brevet\/","title":{"rendered":"Le brevet"},"content":{"rendered":"\t\t<div data-elementor-type=\"wp-page\" data-elementor-id=\"217\" class=\"elementor elementor-217\" data-elementor-post-type=\"page\">\n\t\t\t\t<div class=\"elementor-element elementor-element-94744cd e-flex e-con-boxed e-con e-parent\" data-id=\"94744cd\" data-element_type=\"container\">\n\t\t\t\t\t<div class=\"e-con-inner\">\n\t\t\t\t<div class=\"elementor-element elementor-element-b0ab673 elementor-widget elementor-widget-heading\" data-id=\"b0ab673\" data-element_type=\"widget\" data-widget_type=\"heading.default\">\n\t\t\t\t<div class=\"elementor-widget-container\">\n\t\t\t\t\t<h2 class=\"elementor-heading-title elementor-size-default\">Le brevet de pilote<\/h2>\t\t\t\t<\/div>\n\t\t\t\t<\/div>\n\t\t\t\t<div class=\"elementor-element elementor-element-d4d86ed elementor-widget elementor-widget-text-editor\" data-id=\"d4d86ed\" data-element_type=\"widget\" data-widget_type=\"text-editor.default\">\n\t\t\t\t<div class=\"elementor-widget-container\">\n\t\t\t\t\t\t\t\t\t<p style=\"text-align: center;\">Une formation de quelques heures, un dipl\u00f4me d\u00e9livr\u00e9 par la DGAC et un test en vol avec un instructeur\u00a0vous permettront de r\u00e9aliser ce r\u00eave.<\/p>\t\t\t\t\t\t\t\t<\/div>\n\t\t\t\t<\/div>\n\t\t\t\t\t<\/div>\n\t\t\t\t<\/div>\n\t\t<div class=\"elementor-element elementor-element-811a7a2 e-flex e-con-boxed e-con e-parent\" data-id=\"811a7a2\" data-element_type=\"container\">\n\t\t\t\t\t<div class=\"e-con-inner\">\n\t\t\t\t<div class=\"elementor-element elementor-element-e82fe86 elementor-widget elementor-widget-image\" data-id=\"e82fe86\" data-element_type=\"widget\" data-widget_type=\"image.default\">\n\t\t\t\t<div class=\"elementor-widget-container\">\n\t\t\t\t\t\t\t\t\t\t\t\t<figure class=\"wp-caption\">\n\t\t\t\t\t\t\t\t\t\t<img fetchpriority=\"high\" decoding=\"async\" width=\"800\" height=\"533\" src=\"https:\/\/www.unreal-impulse.com\/wp-content\/uploads\/2026\/02\/WhatsApp-Image-2026-02-11-at-19.41.34-1024x682.jpeg\" class=\"attachment-large size-large wp-image-775\" alt=\"\" srcset=\"https:\/\/www.unreal-impulse.com\/wp-content\/uploads\/2026\/02\/WhatsApp-Image-2026-02-11-at-19.41.34-1024x682.jpeg 1024w, https:\/\/www.unreal-impulse.com\/wp-content\/uploads\/2026\/02\/WhatsApp-Image-2026-02-11-at-19.41.34-300x200.jpeg 300w, https:\/\/www.unreal-impulse.com\/wp-content\/uploads\/2026\/02\/WhatsApp-Image-2026-02-11-at-19.41.34-768x512.jpeg 768w, https:\/\/www.unreal-impulse.com\/wp-content\/uploads\/2026\/02\/WhatsApp-Image-2026-02-11-at-19.41.34-1536x1023.jpeg 1536w, https:\/\/www.unreal-impulse.com\/wp-content\/uploads\/2026\/02\/WhatsApp-Image-2026-02-11-at-19.41.34.jpeg 1600w\" sizes=\"(max-width: 800px) 100vw, 800px\" \/>\t\t\t\t\t\t\t\t\t\t\t<figcaption class=\"widget-image-caption wp-caption-text\">Notre instructeur aux commandes du Super Gu\u00e9pard !<\/figcaption>\n\t\t\t\t\t\t\t\t\t\t<\/figure>\n\t\t\t\t\t\t\t\t\t<\/div>\n\t\t\t\t<\/div>\n\t\t\t\t\t<\/div>\n\t\t\t\t<\/div>\n\t\t<div class=\"elementor-element elementor-element-39272ed8 e-con-full e-flex e-con e-parent\" data-id=\"39272ed8\" data-element_type=\"container\" data-settings=\"{&quot;background_background&quot;:&quot;classic&quot;}\">\n\t\t<div class=\"elementor-element elementor-element-6faa2137 e-con-full e-flex e-con e-child\" data-id=\"6faa2137\" data-element_type=\"container\">\n\t\t<div class=\"elementor-element elementor-element-2b41bb0c e-con-full e-flex elementor-invisible e-con e-child\" data-id=\"2b41bb0c\" data-element_type=\"container\" data-settings=\"{&quot;animation&quot;:&quot;fadeInUp&quot;}\">\n\t\t\t\t<div class=\"elementor-element elementor-element-a958854 elementor-widget elementor-widget-image\" data-id=\"a958854\" data-element_type=\"widget\" data-widget_type=\"image.default\">\n\t\t\t\t<div class=\"elementor-widget-container\">\n\t\t\t\t\t\t\t\t\t\t\t\t\t\t\t<img decoding=\"async\" width=\"150\" height=\"150\" src=\"https:\/\/www.unreal-impulse.com\/wp-content\/uploads\/2025\/09\/Icone-du-geste-de-pouce-leve-150x150.png\" class=\"attachment-thumbnail size-thumbnail wp-image-500\" alt=\"\" srcset=\"https:\/\/www.unreal-impulse.com\/wp-content\/uploads\/2025\/09\/Icone-du-geste-de-pouce-leve-150x150.png 150w, https:\/\/www.unreal-impulse.com\/wp-content\/uploads\/2025\/09\/Icone-du-geste-de-pouce-leve-300x300.png 300w, https:\/\/www.unreal-impulse.com\/wp-content\/uploads\/2025\/09\/Icone-du-geste-de-pouce-leve-768x768.png 768w, https:\/\/www.unreal-impulse.com\/wp-content\/uploads\/2025\/09\/Icone-du-geste-de-pouce-leve.png 1024w\" sizes=\"(max-width: 150px) 100vw, 150px\" \/>\t\t\t\t\t\t\t\t\t\t\t\t\t\t\t<\/div>\n\t\t\t\t<\/div>\n\t\t\t\t<div class=\"elementor-element elementor-element-580c4a95 elementor-cta--valign-middle elementor-cta--skin-classic elementor-animated-content elementor-bg-transform elementor-bg-transform-zoom-in elementor-widget elementor-widget-call-to-action\" data-id=\"580c4a95\" data-element_type=\"widget\" data-widget_type=\"call-to-action.default\">\n\t\t\t\t<div class=\"elementor-widget-container\">\n\t\t\t\t\t\t\t<div class=\"elementor-cta\">\n\t\t\t\t\t\t\t<div class=\"elementor-cta__content\">\n\t\t\t\t\n\t\t\t\t\t\t\t\t\t<h3 class=\"elementor-cta__title elementor-cta__content-item elementor-content-item\">\n\t\t\t\t\t\tConditions\t\t\t\t\t<\/h3>\n\t\t\t\t\n\t\t\t\t\n\t\t\t\t\t\t\t<\/div>\n\t\t\t\t\t\t<\/div>\n\t\t\t\t\t\t<\/div>\n\t\t\t\t<\/div>\n\t\t\t\t<div class=\"elementor-element elementor-element-3e1c50a elementor-widget elementor-widget-text-editor\" data-id=\"3e1c50a\" data-element_type=\"widget\" data-widget_type=\"text-editor.default\">\n\t\t\t\t<div class=\"elementor-widget-container\">\n\t\t\t\t\t\t\t\t\t<p><em>Pour obtenir le brevet de pilote ULM multiaxe, il faut :<\/em><\/p><ul><li>Avoir 15 ans r\u00e9volus (si vous avez moins de 25 ans, vous pouvez obtenir une bourse &#8211; voir <a href=\"https:\/\/ffplum.fr\/pratiquer\/subvention\/aides-jeunes\" target=\"_blank\" rel=\"noopener\">Parcours Jeune<\/a>).<\/li><li>Etre apte \u00e0 la pratique de cette activit\u00e9 par une visite m\u00e9dicale. Un certificat de non\u00a0contre indication \u00e0 la pratique de l\u2019 U.L.M. sera d\u00e9livr\u00e9 par votre m\u00e9decin traitant. La\u00a0licence de pilote ULM n\u2019est pas limit\u00e9e dans le temps.<\/li><li>Etre licenci\u00e9 de la F\u00e9d\u00e9ration Fran\u00e7aise d\u2019U.L.M. (<a title=\"F\u00e9d\u00e9ration Fran\u00e7aise d'ULM\" href=\"https:\/\/ffplum.fr\/\" target=\"_blank\" rel=\"noopener\">FFPLUM<\/a>).<\/li><\/ul>\t\t\t\t\t\t\t\t<\/div>\n\t\t\t\t<\/div>\n\t\t\t\t<\/div>\n\t\t<div class=\"elementor-element elementor-element-39297ad1 e-con-full e-flex elementor-invisible e-con e-child\" data-id=\"39297ad1\" data-element_type=\"container\" data-settings=\"{&quot;animation&quot;:&quot;fadeInUp&quot;,&quot;animation_delay&quot;:100}\">\n\t\t\t\t<div class=\"elementor-element elementor-element-a9d211e elementor-widget elementor-widget-image\" data-id=\"a9d211e\" data-element_type=\"widget\" data-widget_type=\"image.default\">\n\t\t\t\t<div class=\"elementor-widget-container\">\n\t\t\t\t\t\t\t\t\t\t\t\t\t\t\t<img decoding=\"async\" width=\"150\" height=\"150\" src=\"https:\/\/www.unreal-impulse.com\/wp-content\/uploads\/2025\/09\/Engrenage_detoure-150x150.png\" class=\"attachment-thumbnail size-thumbnail wp-image-509\" alt=\"\" srcset=\"https:\/\/www.unreal-impulse.com\/wp-content\/uploads\/2025\/09\/Engrenage_detoure-150x150.png 150w, https:\/\/www.unreal-impulse.com\/wp-content\/uploads\/2025\/09\/Engrenage_detoure-300x300.png 300w, https:\/\/www.unreal-impulse.com\/wp-content\/uploads\/2025\/09\/Engrenage_detoure-768x768.png 768w, https:\/\/www.unreal-impulse.com\/wp-content\/uploads\/2025\/09\/Engrenage_detoure.png 1024w\" sizes=\"(max-width: 150px) 100vw, 150px\" \/>\t\t\t\t\t\t\t\t\t\t\t\t\t\t\t<\/div>\n\t\t\t\t<\/div>\n\t\t\t\t<div class=\"elementor-element elementor-element-3dff6722 elementor-cta--valign-middle elementor-cta--skin-classic elementor-animated-content elementor-bg-transform elementor-bg-transform-zoom-in elementor-widget elementor-widget-call-to-action\" data-id=\"3dff6722\" data-element_type=\"widget\" data-widget_type=\"call-to-action.default\">\n\t\t\t\t<div class=\"elementor-widget-container\">\n\t\t\t\t\t\t\t<div class=\"elementor-cta\">\n\t\t\t\t\t\t\t<div class=\"elementor-cta__content\">\n\t\t\t\t\n\t\t\t\t\t\t\t\t\t<h3 class=\"elementor-cta__title elementor-cta__content-item elementor-content-item\">\n\t\t\t\t\t\tFormation\t\t\t\t\t<\/h3>\n\t\t\t\t\n\t\t\t\t\t\t\t\t\t<div class=\"elementor-cta__description elementor-cta__content-item elementor-content-item\">\n\t\t\t\t\t\t. \t\t\t\t\t<\/div>\n\t\t\t\t\n\t\t\t\t\t\t\t<\/div>\n\t\t\t\t\t\t<\/div>\n\t\t\t\t\t\t<\/div>\n\t\t\t\t<\/div>\n\t\t\t\t<div class=\"elementor-element elementor-element-e781f3f elementor-widget elementor-widget-text-editor\" data-id=\"e781f3f\" data-element_type=\"widget\" data-widget_type=\"text-editor.default\">\n\t\t\t\t<div class=\"elementor-widget-container\">\n\t\t\t\t\t\t\t\t\t<p><em>Notre \u00e9cole lab\u00e9lis\u00e9e FFPLUM est assur\u00e9e par deux instructeurs.<\/em><\/p><ul><li>Sur multiaxes.<\/li><li>Formation th\u00e9orique : travail personnel et avec l\u2019aide de l\u2019instructeur.<\/li><li>Formation \u00e0 l\u2019utilisation de la radiot\u00e9l\u00e9phonie (lors de l\u2019obtention de la licence).<\/li><li>Formation \u00e0 l&#8217;emport passager.<\/li><\/ul>\t\t\t\t\t\t\t\t<\/div>\n\t\t\t\t<\/div>\n\t\t\t\t<\/div>\n\t\t<div class=\"elementor-element elementor-element-6e086307 e-con-full e-flex elementor-invisible e-con e-child\" data-id=\"6e086307\" data-element_type=\"container\" data-settings=\"{&quot;animation&quot;:&quot;fadeInUp&quot;,&quot;animation_delay&quot;:200}\">\n\t\t\t\t<div class=\"elementor-element elementor-element-d422ddb elementor-widget elementor-widget-image\" data-id=\"d422ddb\" data-element_type=\"widget\" data-widget_type=\"image.default\">\n\t\t\t\t<div class=\"elementor-widget-container\">\n\t\t\t\t\t\t\t\t\t\t\t\t\t\t\t<img decoding=\"async\" src=\"https:\/\/www.unreal-impulse.com\/wp-content\/uploads\/elementor\/thumbs\/Chapeau_detoure-rb7s4bvmmeaa6x40ftkwec3cqhk6fgq001mjy3ok7w.png\" title=\"Chapeau_detoure\" alt=\"Chapeau_detoure\" loading=\"lazy\" \/>\t\t\t\t\t\t\t\t\t\t\t\t\t\t\t<\/div>\n\t\t\t\t<\/div>\n\t\t\t\t<div class=\"elementor-element elementor-element-a4f1dee elementor-cta--valign-middle elementor-cta--skin-classic elementor-animated-content elementor-bg-transform elementor-bg-transform-zoom-in elementor-widget elementor-widget-call-to-action\" data-id=\"a4f1dee\" data-element_type=\"widget\" data-widget_type=\"call-to-action.default\">\n\t\t\t\t<div class=\"elementor-widget-container\">\n\t\t\t\t\t\t\t<div class=\"elementor-cta\">\n\t\t\t\t\t\t\t<div class=\"elementor-cta__content\">\n\t\t\t\t\n\t\t\t\t\t\t\t\t\t<h3 class=\"elementor-cta__title elementor-cta__content-item elementor-content-item\">\n\t\t\t\t\t\tObtention de la licence\t\t\t\t\t<\/h3>\n\t\t\t\t\n\t\t\t\t\n\t\t\t\t\t\t\t<\/div>\n\t\t\t\t\t\t<\/div>\n\t\t\t\t\t\t<\/div>\n\t\t\t\t<\/div>\n\t\t\t\t<div class=\"elementor-element elementor-element-da96fba elementor-widget elementor-widget-text-editor\" data-id=\"da96fba\" data-element_type=\"widget\" data-widget_type=\"text-editor.default\">\n\t\t\t\t<div class=\"elementor-widget-container\">\n\t\t\t\t\t\t\t\t\t<p>\u00a0<\/p><p><em>Pour obtenir la licence, il faut :<\/em><\/p><ul><li>Satisfaire \u00e0 l\u2019examen th\u00e9orique organis\u00e9 par le\u00a0District A\u00e9ronautique de rattachement\u00a0(DGAC).<\/li><li>Satisfaire \u00e0 l\u2019examen pratique au sol et en vol (sur la plateforme de l\u2019ACPL).<\/li><\/ul>\t\t\t\t\t\t\t\t<\/div>\n\t\t\t\t<\/div>\n\t\t\t\t<\/div>\n\t\t\t\t<\/div>\n\t\t\t\t<\/div>\n\t\t\t\t<\/div>\n\t\t","protected":false},"excerpt":{"rendered":"<p>Le brevet de pilote Une formation de quelques heures, un dipl\u00f4me d\u00e9livr\u00e9 par la DGAC et un test en vol avec un instructeur\u00a0vous permettront de r\u00e9aliser ce r\u00eave. Notre instructeur aux commandes du Super Gu\u00e9pard ! Conditions Pour obtenir le brevet de pilote ULM multiaxe, il faut : Avoir 15 ans r\u00e9volus (si vous avez [&hellip;]<\/p>\n","protected":false},"author":1,"featured_media":0,"parent":0,"menu_order":0,"comment_status":"closed","ping_status":"closed","template":"","meta":{"footnotes":""},"class_list":["post-217","page","type-page","status-publish","hentry"],"_links":{"self":[{"href":"https:\/\/www.unreal-impulse.com\/index.php\/wp-json\/wp\/v2\/pages\/217","targetHints":{"allow":["GET"]}}],"collection":[{"href":"https:\/\/www.unreal-impulse.com\/index.php\/wp-json\/wp\/v2\/pages"}],"about":[{"href":"https:\/\/www.unreal-impulse.com\/index.php\/wp-json\/wp\/v2\/types\/page"}],"author":[{"embeddable":true,"href":"https:\/\/www.unreal-impulse.com\/index.php\/wp-json\/wp\/v2\/users\/1"}],"replies":[{"embeddable":true,"href":"https:\/\/www.unreal-impulse.com\/index.php\/wp-json\/wp\/v2\/comments?post=217"}],"version-history":[{"count":62,"href":"https:\/\/www.unreal-impulse.com\/index.php\/wp-json\/wp\/v2\/pages\/217\/revisions"}],"predecessor-version":[{"id":794,"href":"https:\/\/www.unreal-impulse.com\/index.php\/wp-json\/wp\/v2\/pages\/217\/revisions\/794"}],"wp:attachment":[{"href":"https:\/\/www.unreal-impulse.com\/index.php\/wp-json\/wp\/v2\/media?parent=217"}],"curies":[{"name":"wp","href":"https:\/\/api.w.org\/{rel}","templated":true}]}}