{"id":293,"date":"2025-09-02T14:50:54","date_gmt":"2025-09-02T12:50:54","guid":{"rendered":"https:\/\/www.unreal-impulse.com\/?page_id=293"},"modified":"2026-02-16T10:10:06","modified_gmt":"2026-02-16T09:10:06","slug":"contact","status":"publish","type":"page","link":"https:\/\/www.unreal-impulse.com\/index.php\/contact\/","title":{"rendered":"Contact"},"content":{"rendered":"\t\t<div data-elementor-type=\"wp-page\" data-elementor-id=\"293\" class=\"elementor elementor-293\" data-elementor-post-type=\"page\">\n\t\t\t\t<div class=\"elementor-element elementor-element-02897a8 e-flex e-con-boxed e-con e-parent\" data-id=\"02897a8\" data-element_type=\"container\">\n\t\t\t\t\t<div class=\"e-con-inner\">\n\t\t\t\t<div class=\"elementor-element elementor-element-e4eb739 elementor-widget elementor-widget-google_maps\" data-id=\"e4eb739\" data-element_type=\"widget\" data-widget_type=\"google_maps.default\">\n\t\t\t\t<div class=\"elementor-widget-container\">\n\t\t\t\t\t\t\t<div class=\"elementor-custom-embed\">\n\t\t\t<iframe loading=\"lazy\"\n\t\t\t\t\tsrc=\"https:\/\/www.google.com\/maps\/embed\/v1\/place?key=AIzaSyByYd3hSs7Jl0awfUcXtJTMrnHo3ao3tBU&#038;q=A%C3%A9roclub%20de%20la%20Pierre%20Lev%C3%A9e%20La%20Pierre%20Lev%C3%A9e%2016720%20Saint-M%C3%AAme-Les-Carri%C3%A8res&#038;zoom=10\"\n\t\t\t\t\ttitle=\"A\u00e9roclub de la Pierre Lev\u00e9e La Pierre Lev\u00e9e 16720 Saint-M\u00eame-Les-Carri\u00e8res\"\n\t\t\t\t\taria-label=\"A\u00e9roclub de la Pierre Lev\u00e9e La Pierre Lev\u00e9e 16720 Saint-M\u00eame-Les-Carri\u00e8res\"\n\t\t\t><\/iframe>\n\t\t<\/div>\n\t\t\t\t\t\t<\/div>\n\t\t\t\t<\/div>\n\t\t\t\t\t<\/div>\n\t\t\t\t<\/div>\n\t\t<div class=\"elementor-element elementor-element-59584bb e-grid e-con-boxed e-con e-parent\" data-id=\"59584bb\" data-element_type=\"container\">\n\t\t\t\t\t<div class=\"e-con-inner\">\n\t\t<div class=\"elementor-element elementor-element-6fda69e e-con-full e-flex e-con e-child\" data-id=\"6fda69e\" data-element_type=\"container\">\n\t\t\t\t<div class=\"elementor-element elementor-element-7fb14d9 elementor-widget elementor-widget-image\" data-id=\"7fb14d9\" data-element_type=\"widget\" data-widget_type=\"image.default\">\n\t\t\t\t<div class=\"elementor-widget-container\">\n\t\t\t\t\t\t\t\t\t\t\t\t\t\t\t<img decoding=\"async\" width=\"42\" height=\"42\" src=\"https:\/\/www.unreal-impulse.com\/wp-content\/uploads\/2025\/09\/02.png\" class=\"attachment-large size-large wp-image-374\" alt=\"\" \/>\t\t\t\t\t\t\t\t\t\t\t\t\t\t\t<\/div>\n\t\t\t\t<\/div>\n\t\t\t\t<div class=\"elementor-element elementor-element-b568bca elementor-widget elementor-widget-heading\" data-id=\"b568bca\" data-element_type=\"widget\" data-widget_type=\"heading.default\">\n\t\t\t\t<div class=\"elementor-widget-container\">\n\t\t\t\t\t<h2 class=\"elementor-heading-title elementor-size-default\">Pour r\u00e9server<\/h2>\t\t\t\t<\/div>\n\t\t\t\t<\/div>\n\t\t\t\t<div class=\"elementor-element elementor-element-63db22c elementor-widget elementor-widget-text-editor\" data-id=\"63db22c\" data-element_type=\"widget\" data-widget_type=\"text-editor.default\">\n\t\t\t\t<div class=\"elementor-widget-container\">\n\t\t\t\t\t\t\t\t\t<p>Pour r\u00e9server un bapt\u00eame, un rendez-vous avec un responsable de l\u2019A\u00e9roclub, veuillez remplir les champs ci-dessous.<\/p>\t\t\t\t\t\t\t\t<\/div>\n\t\t\t\t<\/div>\n\t\t<div class=\"elementor-element elementor-element-f876f5f e-con-full e-flex e-con e-child\" data-id=\"f876f5f\" data-element_type=\"container\">\n\t\t\t\t<div class=\"elementor-element elementor-element-072a676 elementor-button-align-stretch elementor-widget elementor-widget-form\" data-id=\"072a676\" data-element_type=\"widget\" data-settings=\"{&quot;step_next_label&quot;:&quot;Next&quot;,&quot;step_previous_label&quot;:&quot;Previous&quot;,&quot;button_width&quot;:&quot;100&quot;,&quot;step_type&quot;:&quot;number_text&quot;,&quot;step_icon_shape&quot;:&quot;circle&quot;}\" data-widget_type=\"form.default\">\n\t\t\t\t<div class=\"elementor-widget-container\">\n\t\t\t\t\t\t\t<form class=\"elementor-form\" method=\"post\" name=\"New Form\" aria-label=\"New Form\">\n\t\t\t<input type=\"hidden\" name=\"post_id\" value=\"293\"\/>\n\t\t\t<input type=\"hidden\" name=\"form_id\" value=\"072a676\"\/>\n\t\t\t<input type=\"hidden\" name=\"referer_title\" value=\"Contact\" \/>\n\n\t\t\t\t\t\t\t<input type=\"hidden\" name=\"queried_id\" value=\"293\"\/>\n\t\t\t\n\t\t\t<div class=\"elementor-form-fields-wrapper elementor-labels-above\">\n\t\t\t\t\t\t\t\t<div class=\"elementor-field-type-text elementor-field-group elementor-column elementor-field-group-name elementor-col-100\">\n\t\t\t\t\t\t\t\t\t\t\t\t<label for=\"form-field-name\" class=\"elementor-field-label\">\n\t\t\t\t\t\t\t\tVotre nom (obligatoire)\t\t\t\t\t\t\t<\/label>\n\t\t\t\t\t\t\t\t\t\t\t\t\t\t<input size=\"1\" type=\"text\" name=\"form_fields[name]\" id=\"form-field-name\" class=\"elementor-field elementor-size-sm  elementor-field-textual\" placeholder=\"nom\">\n\t\t\t\t\t\t\t\t\t\t\t<\/div>\n\t\t\t\t\t\t\t\t<div class=\"elementor-field-type-email elementor-field-group elementor-column elementor-field-group-email elementor-col-100 elementor-field-required\">\n\t\t\t\t\t\t\t\t\t\t\t\t<label for=\"form-field-email\" class=\"elementor-field-label\">\n\t\t\t\t\t\t\t\tVotre adresse de messagerie (obligatoire)\t\t\t\t\t\t\t<\/label>\n\t\t\t\t\t\t\t\t\t\t\t\t\t\t<input size=\"1\" type=\"email\" name=\"form_fields[email]\" id=\"form-field-email\" class=\"elementor-field elementor-size-sm  elementor-field-textual\" placeholder=\"Email\" required=\"required\">\n\t\t\t\t\t\t\t\t\t\t\t<\/div>\n\t\t\t\t\t\t\t\t<div class=\"elementor-field-type-text elementor-field-group elementor-column elementor-field-group-field_3da97eb elementor-col-100\">\n\t\t\t\t\t\t\t\t\t\t\t\t<label for=\"form-field-field_3da97eb\" class=\"elementor-field-label\">\n\t\t\t\t\t\t\t\tObjet\t\t\t\t\t\t\t<\/label>\n\t\t\t\t\t\t\t\t\t\t\t\t\t\t<input size=\"1\" type=\"text\" name=\"form_fields[field_3da97eb]\" id=\"form-field-field_3da97eb\" class=\"elementor-field elementor-size-sm  elementor-field-textual\" placeholder=\"Objet\">\n\t\t\t\t\t\t\t\t\t\t\t<\/div>\n\t\t\t\t\t\t\t\t<div class=\"elementor-field-type-textarea elementor-field-group elementor-column elementor-field-group-message elementor-col-100\">\n\t\t\t\t\t\t\t\t\t\t\t\t<label for=\"form-field-message\" class=\"elementor-field-label\">\n\t\t\t\t\t\t\t\tVotre message\t\t\t\t\t\t\t<\/label>\n\t\t\t\t\t\t<textarea class=\"elementor-field-textual elementor-field  elementor-size-sm\" name=\"form_fields[message]\" id=\"form-field-message\" rows=\"4\" placeholder=\"Message\"><\/textarea>\t\t\t\t<\/div>\n\t\t\t\t\t\t\t\t<div class=\"elementor-field-group elementor-column elementor-field-type-submit elementor-col-100 e-form__buttons\">\n\t\t\t\t\t<button class=\"elementor-button elementor-size-sm\" type=\"submit\">\n\t\t\t\t\t\t<span class=\"elementor-button-content-wrapper\">\n\t\t\t\t\t\t\t\t\t\t\t\t\t\t\t\t\t\t\t\t\t\t<span class=\"elementor-button-text\">Envoyer<\/span>\n\t\t\t\t\t\t\t\t\t\t\t\t\t<\/span>\n\t\t\t\t\t<\/button>\n\t\t\t\t<\/div>\n\t\t\t<\/div>\n\t\t<\/form>\n\t\t\t\t\t\t<\/div>\n\t\t\t\t<\/div>\n\t\t\t\t<\/div>\n\t\t\t\t<\/div>\n\t\t<div class=\"elementor-element elementor-element-044dc64 e-con-full e-flex e-con e-child\" data-id=\"044dc64\" data-element_type=\"container\">\n\t\t\t\t<div class=\"elementor-element elementor-element-420dc08 elementor-widget elementor-widget-image\" data-id=\"420dc08\" data-element_type=\"widget\" data-widget_type=\"image.default\">\n\t\t\t\t<div class=\"elementor-widget-container\">\n\t\t\t\t\t\t\t\t\t\t\t\t\t\t\t<img decoding=\"async\" width=\"37\" height=\"34\" src=\"https:\/\/www.unreal-impulse.com\/wp-content\/uploads\/2025\/09\/01.png\" class=\"attachment-large size-large wp-image-372\" alt=\"\" \/>\t\t\t\t\t\t\t\t\t\t\t\t\t\t\t<\/div>\n\t\t\t\t<\/div>\n\t\t\t\t<div class=\"elementor-element elementor-element-9681240 elementor-widget elementor-widget-heading\" data-id=\"9681240\" data-element_type=\"widget\" data-widget_type=\"heading.default\">\n\t\t\t\t<div class=\"elementor-widget-container\">\n\t\t\t\t\t<h2 class=\"elementor-heading-title elementor-size-default\">Les horaires<\/h2>\t\t\t\t<\/div>\n\t\t\t\t<\/div>\n\t\t\t\t<div class=\"elementor-element elementor-element-f940dd3 elementor-widget elementor-widget-text-editor\" data-id=\"f940dd3\" data-element_type=\"widget\" data-widget_type=\"text-editor.default\">\n\t\t\t\t<div class=\"elementor-widget-container\">\n\t\t\t\t\t\t\t\t\t<div class=\"iwithtext\"><div class=\"iwt-text\"><p>L\u2019A\u00e9roclub est ouvert tous les weekends, les jours f\u00e9ri\u00e9s et en semaine selon les conditions m\u00e9t\u00e9orologiques. N\u2019h\u00e9sitez pas \u00e0 venir voir une des plus belles pistes en herbe de la r\u00e9gion !<\/p><\/div><div class=\"clear\">\u00a0<\/div><\/div>\t\t\t\t\t\t\t\t<\/div>\n\t\t\t\t<\/div>\n\t\t<div class=\"elementor-element elementor-element-212d44a e-con-full e-flex e-con e-child\" data-id=\"212d44a\" data-element_type=\"container\">\n\t\t\t\t<div class=\"elementor-element elementor-element-7d58662 elementor-widget elementor-widget-image\" data-id=\"7d58662\" data-element_type=\"widget\" data-widget_type=\"image.default\">\n\t\t\t\t<div class=\"elementor-widget-container\">\n\t\t\t\t\t\t\t\t\t\t\t\t\t\t\t<img decoding=\"async\" width=\"33\" height=\"36\" src=\"https:\/\/www.unreal-impulse.com\/wp-content\/uploads\/2025\/09\/03.png\" class=\"attachment-large size-large wp-image-378\" alt=\"\" \/>\t\t\t\t\t\t\t\t\t\t\t\t\t\t\t<\/div>\n\t\t\t\t<\/div>\n\t\t\t\t<div class=\"elementor-element elementor-element-10d3d3d elementor-widget elementor-widget-heading\" data-id=\"10d3d3d\" data-element_type=\"widget\" data-widget_type=\"heading.default\">\n\t\t\t\t<div class=\"elementor-widget-container\">\n\t\t\t\t\t<h2 class=\"elementor-heading-title elementor-size-default\">Nous rendre visite<\/h2>\t\t\t\t<\/div>\n\t\t\t\t<\/div>\n\t\t\t\t<div class=\"elementor-element elementor-element-61a2222 elementor-widget elementor-widget-text-editor\" data-id=\"61a2222\" data-element_type=\"widget\" data-widget_type=\"text-editor.default\">\n\t\t\t\t<div class=\"elementor-widget-container\">\n\t\t\t\t\t\t\t\t\t<div class=\"iwithtext\"><div class=\"iwt-text\"><p>La plateforme est situ\u00e9e \u00e0 2 kilom\u00e8tres de Saint-M\u00eame-les-Carri\u00e8res (code postal 16720), direction Saint Preuil.<\/p><p>(Latitude\u00a0: N 45\u00b037\u201956\u2019\u2019 \u2013 Longitude\u00a0: W 000\u00b009\u201926\u2019\u2019)<\/p><\/div><div class=\"clear\">\u00a0<\/div><\/div>\t\t\t\t\t\t\t\t<\/div>\n\t\t\t\t<\/div>\n\t\t\t\t<\/div>\n\t\t<div class=\"elementor-element elementor-element-2354e8e e-con-full e-flex e-con e-child\" data-id=\"2354e8e\" data-element_type=\"container\">\n\t\t\t\t<div class=\"elementor-element elementor-element-52e504d elementor-widget elementor-widget-image\" data-id=\"52e504d\" data-element_type=\"widget\" data-widget_type=\"image.default\">\n\t\t\t\t<div class=\"elementor-widget-container\">\n\t\t\t\t\t\t\t\t\t\t\t\t\t\t\t<img loading=\"lazy\" decoding=\"async\" width=\"37\" height=\"38\" src=\"https:\/\/www.unreal-impulse.com\/wp-content\/uploads\/2025\/09\/04.png\" class=\"attachment-large size-large wp-image-382\" alt=\"\" \/>\t\t\t\t\t\t\t\t\t\t\t\t\t\t\t<\/div>\n\t\t\t\t<\/div>\n\t\t\t\t<div class=\"elementor-element elementor-element-9c356ff elementor-widget elementor-widget-heading\" data-id=\"9c356ff\" data-element_type=\"widget\" data-widget_type=\"heading.default\">\n\t\t\t\t<div class=\"elementor-widget-container\">\n\t\t\t\t\t<h2 class=\"elementor-heading-title elementor-size-default\">Nous contacter<\/h2>\t\t\t\t<\/div>\n\t\t\t\t<\/div>\n\t\t\t\t<div class=\"elementor-element elementor-element-a61eaed elementor-widget elementor-widget-text-editor\" data-id=\"a61eaed\" data-element_type=\"widget\" data-widget_type=\"text-editor.default\">\n\t\t\t\t<div class=\"elementor-widget-container\">\n\t\t\t\t\t\t\t\t\t<div class=\"iwithtext\"><div class=\"iwt-text\"><p>Pour nous contacter par courrier, par t\u00e9l\u00e9phone ou par mail, utilisez les informations ci-dessous :<\/p><p>M. R\u00e9gis Fredon \u2013 Pr\u00e9sident de l\u2019ACPL<br \/>T\u00e9l. 06 83 41 92 40<br \/>Mail : contact@charente-ulm.fr<\/p><\/div><div class=\"clear\">\u00a0<\/div><\/div>\t\t\t\t\t\t\t\t<\/div>\n\t\t\t\t<\/div>\n\t\t<div class=\"elementor-element elementor-element-d0de47a e-con-full e-flex e-con e-child\" data-id=\"d0de47a\" data-element_type=\"container\">\n\t\t\t\t<div class=\"elementor-element elementor-element-c2ffae8 e-n-tabs-mobile elementor-widget elementor-widget-n-tabs\" data-id=\"c2ffae8\" data-element_type=\"widget\" data-settings=\"{&quot;horizontal_scroll&quot;:&quot;disable&quot;}\" data-widget_type=\"nested-tabs.default\">\n\t\t\t\t<div class=\"elementor-widget-container\">\n\t\t\t\t\t\t\t<div class=\"e-n-tabs\" data-widget-number=\"204471016\" aria-label=\"Onglets. Ouvrez des \u00e9l\u00e9ments avec Entrer ou Espace, fermez-les avec Echape et naviguez \u00e0 l&#039;aide des touches fl\u00e9ch\u00e9es.\">\n\t\t\t<div class=\"e-n-tabs-heading\" role=\"tablist\">\n\t\t\t\t\t<button id=\"e-n-tab-title-2044710161\" class=\"e-n-tab-title\" aria-selected=\"true\" data-tab-index=\"1\" role=\"tab\" tabindex=\"0\" aria-controls=\"e-n-tab-content-2044710161\" style=\"--n-tabs-title-order: 1;\">\n\t\t\t\t\t\t<span class=\"e-n-tab-title-text\">\n\t\t\t\tAdresse postale\t\t\t<\/span>\n\t\t<\/button>\n\t\t\t\t<button id=\"e-n-tab-title-2044710162\" class=\"e-n-tab-title\" aria-selected=\"false\" data-tab-index=\"2\" role=\"tab\" tabindex=\"-1\" aria-controls=\"e-n-tab-content-2044710162\" style=\"--n-tabs-title-order: 2;\">\n\t\t\t\t\t\t<span class=\"e-n-tab-title-text\">\n\t\t\t\tT\u00e9l\u00e9phone\t\t\t<\/span>\n\t\t<\/button>\n\t\t\t\t\t<\/div>\n\t\t\t<div class=\"e-n-tabs-content\">\n\t\t\t\t<div id=\"e-n-tab-content-2044710161\" role=\"tabpanel\" aria-labelledby=\"e-n-tab-title-2044710161\" data-tab-index=\"1\" style=\"--n-tabs-title-order: 1;\" class=\"e-active elementor-element elementor-element-ca9b0fd e-con-full e-flex e-con e-child\" data-id=\"ca9b0fd\" data-element_type=\"container\">\n\t\t\t\t<div class=\"elementor-element elementor-element-6ae9a72 elementor-widget elementor-widget-text-editor\" data-id=\"6ae9a72\" data-element_type=\"widget\" data-widget_type=\"text-editor.default\">\n\t\t\t\t<div class=\"elementor-widget-container\">\n\t\t\t\t\t\t\t\t\t<p>A\u00e9ro-club de la Pierre Lev\u00e9e<br \/>En mairie<br \/>35, route de Ch\u00e2teauneuf<br \/>16720 Saint-M\u00eame-Les-Carri\u00e8res<\/p>\t\t\t\t\t\t\t\t<\/div>\n\t\t\t\t<\/div>\n\t\t\t\t<\/div>\n\t\t<div id=\"e-n-tab-content-2044710162\" role=\"tabpanel\" aria-labelledby=\"e-n-tab-title-2044710162\" data-tab-index=\"2\" style=\"--n-tabs-title-order: 2;\" class=\" elementor-element elementor-element-4fa6760 e-con-full e-flex e-con e-child\" data-id=\"4fa6760\" data-element_type=\"container\">\n\t\t\t\t<div class=\"elementor-element elementor-element-a286285 elementor-widget elementor-widget-text-editor\" data-id=\"a286285\" data-element_type=\"widget\" data-widget_type=\"text-editor.default\">\n\t\t\t\t<div class=\"elementor-widget-container\">\n\t\t\t\t\t\t\t\t\t<p>07 61 76 80 37<\/p>\t\t\t\t\t\t\t\t<\/div>\n\t\t\t\t<\/div>\n\t\t\t\t<\/div>\n\t\t\t\t\t<\/div>\n\t\t<\/div>\n\t\t\t\t\t\t<\/div>\n\t\t\t\t<\/div>\n\t\t\t\t<\/div>\n\t\t\t\t<\/div>\n\t\t\t\t<\/div>\n\t\t\t\t\t<\/div>\n\t\t\t\t<\/div>\n\t\t\t\t<\/div>\n\t\t","protected":false},"excerpt":{"rendered":"<p>Pour r\u00e9server Pour r\u00e9server un bapt\u00eame, un rendez-vous avec un responsable de l\u2019A\u00e9roclub, veuillez remplir les champs ci-dessous. Les horaires L\u2019A\u00e9roclub est ouvert tous les weekends, les jours f\u00e9ri\u00e9s et en semaine selon les conditions m\u00e9t\u00e9orologiques. N\u2019h\u00e9sitez pas \u00e0 venir voir une des plus belles pistes en herbe de la r\u00e9gion ! \u00a0 Nous rendre [&hellip;]<\/p>\n","protected":false},"author":1,"featured_media":0,"parent":0,"menu_order":0,"comment_status":"closed","ping_status":"closed","template":"","meta":{"footnotes":""},"class_list":["post-293","page","type-page","status-publish","hentry"],"_links":{"self":[{"href":"https:\/\/www.unreal-impulse.com\/index.php\/wp-json\/wp\/v2\/pages\/293","targetHints":{"allow":["GET"]}}],"collection":[{"href":"https:\/\/www.unreal-impulse.com\/index.php\/wp-json\/wp\/v2\/pages"}],"about":[{"href":"https:\/\/www.unreal-impulse.com\/index.php\/wp-json\/wp\/v2\/types\/page"}],"author":[{"embeddable":true,"href":"https:\/\/www.unreal-impulse.com\/index.php\/wp-json\/wp\/v2\/users\/1"}],"replies":[{"embeddable":true,"href":"https:\/\/www.unreal-impulse.com\/index.php\/wp-json\/wp\/v2\/comments?post=293"}],"version-history":[{"count":114,"href":"https:\/\/www.unreal-impulse.com\/index.php\/wp-json\/wp\/v2\/pages\/293\/revisions"}],"predecessor-version":[{"id":925,"href":"https:\/\/www.unreal-impulse.com\/index.php\/wp-json\/wp\/v2\/pages\/293\/revisions\/925"}],"wp:attachment":[{"href":"https:\/\/www.unreal-impulse.com\/index.php\/wp-json\/wp\/v2\/media?parent=293"}],"curies":[{"name":"wp","href":"https:\/\/api.w.org\/{rel}","templated":true}]}}