{"id":627,"date":"2025-09-08T15:46:18","date_gmt":"2025-09-08T13:46:18","guid":{"rendered":"https:\/\/www.unreal-impulse.com\/?page_id=627"},"modified":"2026-02-16T10:09:16","modified_gmt":"2026-02-16T09:09:16","slug":"les-actus-du-club","status":"publish","type":"page","link":"https:\/\/www.unreal-impulse.com\/index.php\/les-actus-du-club\/","title":{"rendered":"Les actus du club"},"content":{"rendered":"\t\t<div data-elementor-type=\"wp-page\" data-elementor-id=\"627\" class=\"elementor elementor-627\" data-elementor-post-type=\"page\">\n\t\t\t\t<div class=\"elementor-element elementor-element-f9ec2bd e-flex e-con-boxed e-con e-parent\" data-id=\"f9ec2bd\" data-element_type=\"container\">\n\t\t\t\t\t<div class=\"e-con-inner\">\n\t\t\t\t<div class=\"elementor-element elementor-element-b62cce1 elementor-grid-1 elementor-posts--thumbnail-left elementor-grid-tablet-2 elementor-grid-mobile-1 elementor-widget elementor-widget-posts\" data-id=\"b62cce1\" data-element_type=\"widget\" data-settings=\"{&quot;classic_columns&quot;:&quot;1&quot;,&quot;classic_columns_tablet&quot;:&quot;2&quot;,&quot;classic_columns_mobile&quot;:&quot;1&quot;,&quot;classic_row_gap&quot;:{&quot;unit&quot;:&quot;px&quot;,&quot;size&quot;:35,&quot;sizes&quot;:[]},&quot;classic_row_gap_tablet&quot;:{&quot;unit&quot;:&quot;px&quot;,&quot;size&quot;:&quot;&quot;,&quot;sizes&quot;:[]},&quot;classic_row_gap_mobile&quot;:{&quot;unit&quot;:&quot;px&quot;,&quot;size&quot;:&quot;&quot;,&quot;sizes&quot;:[]}}\" data-widget_type=\"posts.classic\">\n\t\t\t\t<div class=\"elementor-widget-container\">\n\t\t\t\t\t\t\t<div class=\"elementor-posts-container elementor-posts elementor-posts--skin-classic elementor-grid\" role=\"list\">\n\t\t\t\t<article class=\"elementor-post elementor-grid-item post-829 post type-post status-publish format-standard hentry category-non-classe\" role=\"listitem\">\n\t\t\t\t<div class=\"elementor-post__text\">\n\t\t\t\t<h2 class=\"elementor-post__title\">\n\t\t\t<a href=\"https:\/\/www.unreal-impulse.com\/index.php\/2026\/02\/13\/participation-de-laeroclub-au-meeting-de-lair-de-la-base-709\/\" >\n\t\t\t\tParticipation de l&rsquo;a\u00e9roclub au meeting de l&rsquo;air de Cognac\t\t\t<\/a>\n\t\t<\/h2>\n\t\t\t\t<div class=\"elementor-post__meta-data\">\n\t\t\t\t\t<span class=\"elementor-post-date\">\n\t\t\t13 f\u00e9vrier 2026\t\t<\/span>\n\t\t\t\t<\/div>\n\t\t\t\t<div class=\"elementor-post__excerpt\">\n\t\t\t<p>Participation de l&rsquo;a\u00e9roclub au meeting de l&rsquo;air de la Base 709 (Cognac) Meeting de l\u2019Air \u2013 Base A\u00e9rienne 709 de Cognac (30 et 31 mai<\/p>\n\t\t<\/div>\n\t\t\n\t\t<a class=\"elementor-post__read-more\" href=\"https:\/\/www.unreal-impulse.com\/index.php\/2026\/02\/13\/participation-de-laeroclub-au-meeting-de-lair-de-la-base-709\/\" aria-label=\"En savoir plus sur Participation de l&rsquo;a\u00e9roclub au meeting de l&rsquo;air de Cognac\" tabindex=\"-1\" >\n\t\t\tRead More \u00bb\t\t<\/a>\n\n\t\t\t\t<\/div>\n\t\t\t\t<\/article>\n\t\t\t\t<article class=\"elementor-post elementor-grid-item post-812 post type-post status-publish format-standard hentry category-non-classe\" role=\"listitem\">\n\t\t\t\t<div class=\"elementor-post__text\">\n\t\t\t\t<h2 class=\"elementor-post__title\">\n\t\t\t<a href=\"https:\/\/www.unreal-impulse.com\/index.php\/2026\/02\/08\/elementor-812\/\" >\n\t\t\t\tL&rsquo;eau monte !\t\t\t<\/a>\n\t\t<\/h2>\n\t\t\t\t<div class=\"elementor-post__meta-data\">\n\t\t\t\t\t<span class=\"elementor-post-date\">\n\t\t\t8 f\u00e9vrier 2026\t\t<\/span>\n\t\t\t\t<\/div>\n\t\t\t\t<div class=\"elementor-post__excerpt\">\n\t\t\t<p>L&rsquo;eau monte ! M\u00eame les pieds dans l\u2019eau, l\u2019A\u00e9roclub de la Pierre Lev\u00e9e reste en action ! \u00a0La saison hivernale est l\u2019occasion de poursuivre nos<\/p>\n\t\t<\/div>\n\t\t\n\t\t<a class=\"elementor-post__read-more\" href=\"https:\/\/www.unreal-impulse.com\/index.php\/2026\/02\/08\/elementor-812\/\" aria-label=\"En savoir plus sur L&rsquo;eau monte !\" tabindex=\"-1\" >\n\t\t\tRead More \u00bb\t\t<\/a>\n\n\t\t\t\t<\/div>\n\t\t\t\t<\/article>\n\t\t\t\t<article class=\"elementor-post elementor-grid-item post-846 post type-post status-publish format-standard hentry category-non-classe\" role=\"listitem\">\n\t\t\t\t<div class=\"elementor-post__text\">\n\t\t\t\t<h2 class=\"elementor-post__title\">\n\t\t\t<a href=\"https:\/\/www.unreal-impulse.com\/index.php\/2026\/01\/17\/cours-bia-du-17-janvier-2026\/\" >\n\t\t\t\tCours BIA du 17 janvier 2026\t\t\t<\/a>\n\t\t<\/h2>\n\t\t\t\t<div class=\"elementor-post__meta-data\">\n\t\t\t\t\t<span class=\"elementor-post-date\">\n\t\t\t17 janvier 2026\t\t<\/span>\n\t\t\t\t<\/div>\n\t\t\t\t<div class=\"elementor-post__excerpt\">\n\t\t\t<p>Cours BIA du 17 janvier 2026 Ce matin, notre groupe de 8 \u00e9l\u00e8ves a suivi un cours BIA tr\u00e8s enrichissant, portant sur la m\u00e9canique, la<\/p>\n\t\t<\/div>\n\t\t\n\t\t<a class=\"elementor-post__read-more\" href=\"https:\/\/www.unreal-impulse.com\/index.php\/2026\/01\/17\/cours-bia-du-17-janvier-2026\/\" aria-label=\"En savoir plus sur Cours BIA du 17 janvier 2026\" tabindex=\"-1\" >\n\t\t\tRead More \u00bb\t\t<\/a>\n\n\t\t\t\t<\/div>\n\t\t\t\t<\/article>\n\t\t\t\t<article class=\"elementor-post elementor-grid-item post-857 post type-post status-publish format-standard hentry category-non-classe\" role=\"listitem\">\n\t\t\t\t<div class=\"elementor-post__text\">\n\t\t\t\t<h2 class=\"elementor-post__title\">\n\t\t\t<a href=\"https:\/\/www.unreal-impulse.com\/index.php\/2026\/01\/02\/bonne-annee-2026\/\" >\n\t\t\t\tBonne ann\u00e9e 2026\t\t\t<\/a>\n\t\t<\/h2>\n\t\t\t\t<div class=\"elementor-post__meta-data\">\n\t\t\t\t\t<span class=\"elementor-post-date\">\n\t\t\t2 janvier 2026\t\t<\/span>\n\t\t\t\t<\/div>\n\t\t\t\t<div class=\"elementor-post__excerpt\">\n\t\t\t<p>\u2708\ufe0f\ud83c\udf89 Bonne ann\u00e9e 2026 ! \ud83c\udf89\u2708\ufe0f Depuis ses d\u00e9buts, notre a\u00e9roclub, c\u2019est avant tout une aventure humaine : des b\u00e9n\u00e9voles passionn\u00e9s, des heures de vol<\/p>\n\t\t<\/div>\n\t\t\n\t\t<a class=\"elementor-post__read-more\" href=\"https:\/\/www.unreal-impulse.com\/index.php\/2026\/01\/02\/bonne-annee-2026\/\" aria-label=\"En savoir plus sur Bonne ann\u00e9e 2026\" tabindex=\"-1\" >\n\t\t\tRead More \u00bb\t\t<\/a>\n\n\t\t\t\t<\/div>\n\t\t\t\t<\/article>\n\t\t\t\t<\/div>\n\t\t\n\t\t\t\t\t\t<\/div>\n\t\t\t\t<\/div>\n\t\t\t\t\t<\/div>\n\t\t\t\t<\/div>\n\t\t<div class=\"elementor-element elementor-element-2c80a4b e-flex e-con-boxed e-con e-parent\" data-id=\"2c80a4b\" data-element_type=\"container\">\n\t\t\t\t\t<div class=\"e-con-inner\">\n\t\t\t\t\t<\/div>\n\t\t\t\t<\/div>\n\t\t\t\t<\/div>\n\t\t","protected":false},"excerpt":{"rendered":"","protected":false},"author":1,"featured_media":0,"parent":0,"menu_order":0,"comment_status":"closed","ping_status":"closed","template":"","meta":{"footnotes":""},"class_list":["post-627","page","type-page","status-publish","hentry"],"_links":{"self":[{"href":"https:\/\/www.unreal-impulse.com\/index.php\/wp-json\/wp\/v2\/pages\/627","targetHints":{"allow":["GET"]}}],"collection":[{"href":"https:\/\/www.unreal-impulse.com\/index.php\/wp-json\/wp\/v2\/pages"}],"about":[{"href":"https:\/\/www.unreal-impulse.com\/index.php\/wp-json\/wp\/v2\/types\/page"}],"author":[{"embeddable":true,"href":"https:\/\/www.unreal-impulse.com\/index.php\/wp-json\/wp\/v2\/users\/1"}],"replies":[{"embeddable":true,"href":"https:\/\/www.unreal-impulse.com\/index.php\/wp-json\/wp\/v2\/comments?post=627"}],"version-history":[{"count":23,"href":"https:\/\/www.unreal-impulse.com\/index.php\/wp-json\/wp\/v2\/pages\/627\/revisions"}],"predecessor-version":[{"id":924,"href":"https:\/\/www.unreal-impulse.com\/index.php\/wp-json\/wp\/v2\/pages\/627\/revisions\/924"}],"wp:attachment":[{"href":"https:\/\/www.unreal-impulse.com\/index.php\/wp-json\/wp\/v2\/media?parent=627"}],"curies":[{"name":"wp","href":"https:\/\/api.w.org\/{rel}","templated":true}]}}