{"id":63,"date":"2025-07-29T16:12:57","date_gmt":"2025-07-29T14:12:57","guid":{"rendered":"https:\/\/www.unreal-impulse.com\/?page_id=63"},"modified":"2026-02-17T19:00:17","modified_gmt":"2026-02-17T18:00:17","slug":"accueil","status":"publish","type":"page","link":"https:\/\/www.unreal-impulse.com\/","title":{"rendered":"Accueil"},"content":{"rendered":"\t\t<div data-elementor-type=\"wp-page\" data-elementor-id=\"63\" class=\"elementor elementor-63\" data-elementor-post-type=\"page\">\n\t\t\t\t<div class=\"elementor-element elementor-element-1c72459 e-grid e-con-boxed e-con e-parent\" data-id=\"1c72459\" data-element_type=\"container\">\n\t\t\t\t\t<div class=\"e-con-inner\">\n\t\t<div class=\"elementor-element elementor-element-70415bc e-con-full e-flex e-con e-child\" data-id=\"70415bc\" data-element_type=\"container\">\n\t\t\t\t<div class=\"elementor-element elementor-element-5a1bb4b elementor-widget elementor-widget-video\" data-id=\"5a1bb4b\" data-element_type=\"widget\" data-settings=\"{&quot;video_type&quot;:&quot;hosted&quot;,&quot;autoplay&quot;:&quot;yes&quot;,&quot;mute&quot;:&quot;yes&quot;,&quot;loop&quot;:&quot;yes&quot;,&quot;play_on_mobile&quot;:&quot;yes&quot;}\" data-widget_type=\"video.default\">\n\t\t\t\t<div class=\"elementor-widget-container\">\n\t\t\t\t\t\t\t<div class=\"e-hosted-video elementor-wrapper elementor-open-inline\">\n\t\t\t\t\t<video class=\"elementor-video\" src=\"https:\/\/www.unreal-impulse.com\/wp-content\/uploads\/2026\/02\/MontageV2.mp4\" autoplay=\"\" loop=\"\" muted=\"muted\" playsinline=\"\" controlsList=\"nodownload\" poster=\"https:\/\/www.unreal-impulse.com\/wp-content\/uploads\/2025\/07\/IMG_2967-scaled.jpg\"><\/video>\n\t\t\t\t<\/div>\n\t\t\t\t\t\t<\/div>\n\t\t\t\t<\/div>\n\t\t\t\t<\/div>\n\t\t\t\t\t<\/div>\n\t\t\t\t<\/div>\n\t\t<div class=\"elementor-element elementor-element-5b381e46 e-flex e-con-boxed e-con e-parent\" data-id=\"5b381e46\" data-element_type=\"container\" data-settings=\"{&quot;background_background&quot;:&quot;classic&quot;}\">\n\t\t\t\t\t<div class=\"e-con-inner\">\n\t\t<div class=\"elementor-element elementor-element-1744a805 e-flex e-con-boxed e-con e-child\" data-id=\"1744a805\" data-element_type=\"container\">\n\t\t\t\t\t<div class=\"e-con-inner\">\n\t\t\t\t<div class=\"elementor-element elementor-element-5cf809f0 animated-slow elementor-invisible elementor-widget elementor-widget-heading\" data-id=\"5cf809f0\" data-element_type=\"widget\" data-settings=\"{&quot;_animation&quot;:&quot;slideInUp&quot;}\" data-widget_type=\"heading.default\">\n\t\t\t\t<div class=\"elementor-widget-container\">\n\t\t\t\t\t<h2 class=\"elementor-heading-title elementor-size-default\">A\u00e9roclub de la Pierre Lev\u00e9e<\/h2>\t\t\t\t<\/div>\n\t\t\t\t<\/div>\n\t\t\t\t<div class=\"elementor-element elementor-element-9eedc6 animated-slow elementor-invisible elementor-widget elementor-widget-heading\" data-id=\"9eedc6\" data-element_type=\"widget\" data-settings=\"{&quot;_animation&quot;:&quot;slideInUp&quot;}\" data-widget_type=\"heading.default\">\n\t\t\t\t<div class=\"elementor-widget-container\">\n\t\t\t\t\t<h2 class=\"elementor-heading-title elementor-size-default\">Venez d\u00e9couvrir notre magnifique plateforme, au c\u0153ur de la Grande Champagne<\/h2>\t\t\t\t<\/div>\n\t\t\t\t<\/div>\n\t\t\t\t\t<\/div>\n\t\t\t\t<\/div>\n\t\t<div class=\"elementor-element elementor-element-1464161d e-con-full e-flex e-con e-child\" data-id=\"1464161d\" data-element_type=\"container\">\n\t\t<div class=\"elementor-element elementor-element-4bb694d2 e-con-full e-flex e-con e-child\" data-id=\"4bb694d2\" data-element_type=\"container\">\n\t\t\t\t<div class=\"elementor-element elementor-element-73eb2a0 elementor-position-top elementor-widget elementor-widget-image-box\" data-id=\"73eb2a0\" data-element_type=\"widget\" data-widget_type=\"image-box.default\">\n\t\t\t\t<div class=\"elementor-widget-container\">\n\t\t\t\t\t<div class=\"elementor-image-box-wrapper\"><figure class=\"elementor-image-box-img\"><img fetchpriority=\"high\" decoding=\"async\" width=\"1600\" height=\"1200\" src=\"https:\/\/www.unreal-impulse.com\/wp-content\/uploads\/2025\/11\/Plateforme.jpg\" class=\"attachment-full size-full wp-image-692\" alt=\"\" srcset=\"https:\/\/www.unreal-impulse.com\/wp-content\/uploads\/2025\/11\/Plateforme.jpg 1600w, https:\/\/www.unreal-impulse.com\/wp-content\/uploads\/2025\/11\/Plateforme-300x225.jpg 300w, https:\/\/www.unreal-impulse.com\/wp-content\/uploads\/2025\/11\/Plateforme-1024x768.jpg 1024w, https:\/\/www.unreal-impulse.com\/wp-content\/uploads\/2025\/11\/Plateforme-768x576.jpg 768w, https:\/\/www.unreal-impulse.com\/wp-content\/uploads\/2025\/11\/Plateforme-1536x1152.jpg 1536w\" sizes=\"(max-width: 1600px) 100vw, 1600px\" \/><\/figure><\/div>\t\t\t\t<\/div>\n\t\t\t\t<\/div>\n\t\t\t\t<\/div>\n\t\t\t\t<\/div>\n\t\t\t\t<div class=\"elementor-element elementor-element-74c8ff4 elementor-grid-1 elementor-widget__width-auto elementor-fixed elementor-shape-rounded e-grid-align-center elementor-widget elementor-widget-social-icons\" data-id=\"74c8ff4\" data-element_type=\"widget\" data-settings=\"{&quot;_position&quot;:&quot;fixed&quot;}\" data-widget_type=\"social-icons.default\">\n\t\t\t\t<div class=\"elementor-widget-container\">\n\t\t\t\t\t\t\t<div class=\"elementor-social-icons-wrapper elementor-grid\">\n\t\t\t\t\t\t\t<span class=\"elementor-grid-item\">\n\t\t\t\t\t<a class=\"elementor-icon elementor-social-icon elementor-social-icon-facebook elementor-animation-grow elementor-repeater-item-758ed28\" href=\"https:\/\/www.facebook.com\/profile.php?id=100027869035941\" target=\"_blank\">\n\t\t\t\t\t\t<span class=\"elementor-screen-only\">Facebook<\/span>\n\t\t\t\t\t\t<svg aria-hidden=\"true\" class=\"e-font-icon-svg e-fab-facebook\" viewBox=\"0 0 512 512\" xmlns=\"http:\/\/www.w3.org\/2000\/svg\"><path d=\"M504 256C504 119 393 8 256 8S8 119 8 256c0 123.78 90.69 226.38 209.25 245V327.69h-63V256h63v-54.64c0-62.15 37-96.48 93.67-96.48 27.14 0 55.52 4.84 55.52 4.84v61h-31.28c-30.8 0-40.41 19.12-40.41 38.73V256h68.78l-11 71.69h-57.78V501C413.31 482.38 504 379.78 504 256z\"><\/path><\/svg>\t\t\t\t\t<\/a>\n\t\t\t\t<\/span>\n\t\t\t\t\t<\/div>\n\t\t\t\t\t\t<\/div>\n\t\t\t\t<\/div>\n\t\t\t\t\t<\/div>\n\t\t\t\t<\/div>\n\t\t\t\t<\/div>\n\t\t","protected":false},"excerpt":{"rendered":"<p>https:\/\/www.unreal-impulse.com\/wp-content\/uploads\/2026\/02\/MontageV2.mp4 A\u00e9roclub de la Pierre Lev\u00e9e Venez d\u00e9couvrir notre magnifique plateforme, au c\u0153ur de la Grande Champagne Facebook<\/p>\n","protected":false},"author":1,"featured_media":0,"parent":0,"menu_order":0,"comment_status":"closed","ping_status":"closed","template":"","meta":{"footnotes":""},"class_list":["post-63","page","type-page","status-publish","hentry"],"_links":{"self":[{"href":"https:\/\/www.unreal-impulse.com\/index.php\/wp-json\/wp\/v2\/pages\/63","targetHints":{"allow":["GET"]}}],"collection":[{"href":"https:\/\/www.unreal-impulse.com\/index.php\/wp-json\/wp\/v2\/pages"}],"about":[{"href":"https:\/\/www.unreal-impulse.com\/index.php\/wp-json\/wp\/v2\/types\/page"}],"author":[{"embeddable":true,"href":"https:\/\/www.unreal-impulse.com\/index.php\/wp-json\/wp\/v2\/users\/1"}],"replies":[{"embeddable":true,"href":"https:\/\/www.unreal-impulse.com\/index.php\/wp-json\/wp\/v2\/comments?post=63"}],"version-history":[{"count":149,"href":"https:\/\/www.unreal-impulse.com\/index.php\/wp-json\/wp\/v2\/pages\/63\/revisions"}],"predecessor-version":[{"id":950,"href":"https:\/\/www.unreal-impulse.com\/index.php\/wp-json\/wp\/v2\/pages\/63\/revisions\/950"}],"wp:attachment":[{"href":"https:\/\/www.unreal-impulse.com\/index.php\/wp-json\/wp\/v2\/media?parent=63"}],"curies":[{"name":"wp","href":"https:\/\/api.w.org\/{rel}","templated":true}]}}